{"id":10021,"date":"2022-05-23T16:00:40","date_gmt":"2022-05-23T16:00:40","guid":{"rendered":"https:\/\/the7.io\/accounting\/?page_id=10021"},"modified":"2024-02-20T12:38:35","modified_gmt":"2024-02-20T12:38:35","slug":"kaardid","status":"publish","type":"page","link":"https:\/\/isic.ee\/en\/kaardid\/","title":{"rendered":"ISIC cards"},"content":{"rendered":"<div data-elementor-type=\"wp-page\" data-elementor-id=\"10021\" class=\"elementor elementor-10021\" data-elementor-post-type=\"page\">\n\t\t\t\t\t\t<section class=\"elementor-section elementor-top-section elementor-element elementor-element-549def2 elementor-section-boxed elementor-section-height-default elementor-section-height-default\" data-id=\"549def2\" data-element_type=\"section\" data-e-type=\"section\">\n\t\t\t\t\t\t<div class=\"elementor-container elementor-column-gap-wider\">\n\t\t\t\t\t<div class=\"elementor-column elementor-col-100 elementor-top-column elementor-element elementor-element-d9454f3\" data-id=\"d9454f3\" data-element_type=\"column\" data-e-type=\"column\">\n\t\t\t<div class=\"elementor-widget-wrap elementor-element-populated\">\n\t\t\t\t\t\t<div class=\"elementor-element elementor-element-f0dac67 elementor-widget elementor-widget-text-editor\" data-id=\"f0dac67\" data-element_type=\"widget\" data-e-type=\"widget\" data-widget_type=\"text-editor.default\">\n\t\t\t\t<div class=\"elementor-widget-container\">\n\t\t\t\t\t\t\t\t\t<p>Here you can familiarize yourself with all ISIC cards and see which is the best choice for you.<\/p>\t\t\t\t\t\t\t\t<\/div>\n\t\t\t\t<\/div>\n\t\t\t\t<div class=\"elementor-element elementor-element-a70d746 elementor-widget elementor-widget-spacer\" data-id=\"a70d746\" data-element_type=\"widget\" data-e-type=\"widget\" data-widget_type=\"spacer.default\">\n\t\t\t\t<div class=\"elementor-widget-container\">\n\t\t\t\t\t\t\t<div class=\"elementor-spacer\">\n\t\t\t<div class=\"elementor-spacer-inner\"><\/div>\n\t\t<\/div>\n\t\t\t\t\t\t<\/div>\n\t\t\t\t<\/div>\n\t\t\t\t<div class=\"elementor-element elementor-element-8e3a616 image-vertical-align-center icon-box-vertical-align-center img-align-mobile-top elementor-widget__width-initial img-align-left slide-h-position-left elementor-widget elementor-widget-the7-elements-simple-posts\" data-id=\"8e3a616\" data-element_type=\"widget\" data-e-type=\"widget\" data-widget_type=\"the7-elements-simple-posts.default\">\n\t\t\t\t<div class=\"elementor-widget-container\">\n\t\t\t\t\t<div class=\"the7-simple-widget-posts the7-elementor-widget the7-elements-simple-posts-8e3a616 jquery-filter jquery-filter\" data-post-limit=\"-1\" data-pagination-mode=\"none\" data-scroll-offset=\"\" aria-live=\"assertive\">\t\t\t<div class=\"dt-css-grid custom-pagination-handler\" data-columns=\"{&quot;d&quot;:2,&quot;t&quot;:1,&quot;p&quot;:1,&quot;wd&quot;:&quot;&quot;}\">\n\t\t\t\t\t\t\t\t\t<div class=\"wf-cell visible\">\n\t\t\t\t\t\t<article class=\"post visible wrapper post-8350 services type-services status-publish has-post-thumbnail hentry\">\n\n\t\t\t\t\t\t\t<div class=\"post-content-wrapper\">\n\t\t\t\t\t\t\t\t\t\t\t\t\t\t\t\t\t<div class=\"the7-simple-post-thumb\">\n\t\t\t\t\t\t\t\t\t\t<a class=\"post-thumbnail-rollover layzr-bg img-css-resize-wrapper\" aria-label=\"Post image\" href=\"https:\/\/isic.ee\/en\/services\/isic-uliopilaspilet-tavakaardina\/\"><img fetchpriority=\"high\" decoding=\"async\" width=\"768\" height=\"485\" src=\"data:image\/svg+xml,%3Csvg%20xmlns%3D&#039;http%3A%2F%2Fwww.w3.org%2F2000%2Fsvg&#039;%20viewBox%3D&#039;0%200%20768%20485&#039;%2F%3E\" class=\"attachment-medium_large size-medium_large preload-me aspect lazy lazy-load\" alt=\"\" sizes=\"(max-width: 768px) 100vw, 768px\" style=\"--ratio: 768 \/ 485;\" data-src=\"https:\/\/isic.ee\/wp-content\/uploads\/2022\/05\/isic-tudengikaart-inimesega-768x485.png\" loading=\"eager\" data-srcset=\"https:\/\/isic.ee\/wp-content\/uploads\/2022\/05\/isic-tudengikaart-inimesega-768x485.png 768w, https:\/\/isic.ee\/wp-content\/uploads\/2022\/05\/isic-tudengikaart-inimesega-300x189.png 300w, https:\/\/isic.ee\/wp-content\/uploads\/2022\/05\/isic-tudengikaart-inimesega.png 1011w\" \/><span class=\"the7-hover-icon\"><\/span><\/a>\t\t\t\t\t\t\t\t\t<\/div>\n\t\t\t\t\t\t\t\t\t\t\t\t\t\t\t\t<div class=\"post-entry-content\">\n\t\t\t\t\t\t\t\t\t<h4 class=\"heading\"><a href=\"https:\/\/isic.ee\/en\/services\/isic-uliopilaspilet-tavakaardina\/\" rel=\"bookmark\" title=\"ISIC Student\" class=\"post-title\">ISIC Student<\/a><\/h4><a href=\"https:\/\/isic.ee\/en\/services\/isic-uliopilaspilet-tavakaardina\/\" target=\"\" aria-label=\"Read more about ISIC Tudengikaart\" class=\"box-button elementor-button elementor-size-sm\">Read more<\/a>\t\t\t\t\t\t\t\t<\/div>\n\t\t\t\t\t\t\t<\/div>\n\t\t\t\t\t\t<\/article>\n\t\t\t\t\t<\/div>\t\t\t\t\t\t\t\t\t\t<div class=\"wf-cell visible\">\n\t\t\t\t\t\t<article class=\"post visible wrapper post-12373 services type-services status-publish has-post-thumbnail hentry\">\n\n\t\t\t\t\t\t\t<div class=\"post-content-wrapper\">\n\t\t\t\t\t\t\t\t\t\t\t\t\t\t\t\t\t<div class=\"the7-simple-post-thumb\">\n\t\t\t\t\t\t\t\t\t\t<a class=\"post-thumbnail-rollover layzr-bg img-css-resize-wrapper\" aria-label=\"Post image\" href=\"https:\/\/isic.ee\/en\/services\/isic-opilaspilet\/\"><img decoding=\"async\" width=\"768\" height=\"485\" src=\"data:image\/svg+xml,%3Csvg%20xmlns%3D&#039;http%3A%2F%2Fwww.w3.org%2F2000%2Fsvg&#039;%20viewBox%3D&#039;0%200%20768%20485&#039;%2F%3E\" class=\"attachment-medium_large size-medium_large preload-me aspect lazy lazy-load\" alt=\"\" sizes=\"(max-width: 768px) 100vw, 768px\" style=\"--ratio: 768 \/ 485;\" data-src=\"https:\/\/isic.ee\/wp-content\/uploads\/2024\/01\/isic-opilaspilet-inimesega-768x485.png\" loading=\"eager\" data-srcset=\"https:\/\/isic.ee\/wp-content\/uploads\/2024\/01\/isic-opilaspilet-inimesega-768x485.png 768w, https:\/\/isic.ee\/wp-content\/uploads\/2024\/01\/isic-opilaspilet-inimesega-300x189.png 300w, https:\/\/isic.ee\/wp-content\/uploads\/2024\/01\/isic-opilaspilet-inimesega.png 1011w\" \/><span class=\"the7-hover-icon\"><\/span><\/a>\t\t\t\t\t\t\t\t\t<\/div>\n\t\t\t\t\t\t\t\t\t\t\t\t\t\t\t\t<div class=\"post-entry-content\">\n\t\t\t\t\t\t\t\t\t<h4 class=\"heading\"><a href=\"https:\/\/isic.ee\/en\/services\/isic-opilaspilet\/\" rel=\"bookmark\" title=\"ISIC Scholar\" class=\"post-title\">ISIC Scholar<\/a><\/h4><a href=\"https:\/\/isic.ee\/en\/services\/isic-opilaspilet\/\" target=\"\" aria-label=\"Read more about ISIC \u00d5pilaspilet\" class=\"box-button elementor-button elementor-size-sm\">Read more<\/a>\t\t\t\t\t\t\t\t<\/div>\n\t\t\t\t\t\t\t<\/div>\n\t\t\t\t\t\t<\/article>\n\t\t\t\t\t<\/div>\t\t\t\t\t\t\t\t\t\t<div class=\"wf-cell visible\">\n\t\t\t\t\t\t<article class=\"post visible wrapper post-12377 services type-services status-publish has-post-thumbnail hentry\">\n\n\t\t\t\t\t\t\t<div class=\"post-content-wrapper\">\n\t\t\t\t\t\t\t\t\t\t\t\t\t\t\t\t\t<div class=\"the7-simple-post-thumb\">\n\t\t\t\t\t\t\t\t\t\t<a class=\"post-thumbnail-rollover layzr-bg img-css-resize-wrapper\" aria-label=\"Post image\" href=\"https:\/\/isic.ee\/en\/services\/itic-opetajakaart\/\"><img decoding=\"async\" width=\"768\" height=\"485\" src=\"data:image\/svg+xml,%3Csvg%20xmlns%3D&#039;http%3A%2F%2Fwww.w3.org%2F2000%2Fsvg&#039;%20viewBox%3D&#039;0%200%20768%20485&#039;%2F%3E\" class=\"attachment-medium_large size-medium_large preload-me aspect lazy lazy-load\" alt=\"\" sizes=\"(max-width: 768px) 100vw, 768px\" style=\"--ratio: 768 \/ 485;\" data-src=\"https:\/\/isic.ee\/wp-content\/uploads\/2024\/01\/itic-opetajakaart-inimesega-768x485.png\" loading=\"eager\" data-srcset=\"https:\/\/isic.ee\/wp-content\/uploads\/2024\/01\/itic-opetajakaart-inimesega-768x485.png 768w, https:\/\/isic.ee\/wp-content\/uploads\/2024\/01\/itic-opetajakaart-inimesega-300x189.png 300w, https:\/\/isic.ee\/wp-content\/uploads\/2024\/01\/itic-opetajakaart-inimesega.png 1011w\" \/><span class=\"the7-hover-icon\"><\/span><\/a>\t\t\t\t\t\t\t\t\t<\/div>\n\t\t\t\t\t\t\t\t\t\t\t\t\t\t\t\t<div class=\"post-entry-content\">\n\t\t\t\t\t\t\t\t\t<h4 class=\"heading\"><a href=\"https:\/\/isic.ee\/en\/services\/itic-opetajakaart\/\" rel=\"bookmark\" title=\"ITIC Teacher\" class=\"post-title\">ITIC Teacher<\/a><\/h4><a href=\"https:\/\/isic.ee\/en\/services\/itic-opetajakaart\/\" target=\"\" aria-label=\"Read more about ITIC \u00d5petajakaart\" class=\"box-button elementor-button elementor-size-sm\">Read more<\/a>\t\t\t\t\t\t\t\t<\/div>\n\t\t\t\t\t\t\t<\/div>\n\t\t\t\t\t\t<\/article>\n\t\t\t\t\t<\/div>\t\t\t\t\t\t\t\t\t\t<div class=\"wf-cell visible\">\n\t\t\t\t\t\t<article class=\"post visible wrapper post-12381 services type-services status-publish has-post-thumbnail hentry\">\n\n\t\t\t\t\t\t\t<div class=\"post-content-wrapper\">\n\t\t\t\t\t\t\t\t\t\t\t\t\t\t\t\t\t<div class=\"the7-simple-post-thumb\">\n\t\t\t\t\t\t\t\t\t\t<a class=\"post-thumbnail-rollover layzr-bg img-css-resize-wrapper\" aria-label=\"Post image\" href=\"https:\/\/isic.ee\/en\/services\/iytc-noortekaart\/\"><img decoding=\"async\" width=\"768\" height=\"485\" src=\"data:image\/svg+xml,%3Csvg%20xmlns%3D&#039;http%3A%2F%2Fwww.w3.org%2F2000%2Fsvg&#039;%20viewBox%3D&#039;0%200%20768%20485&#039;%2F%3E\" class=\"attachment-medium_large size-medium_large preload-me aspect lazy lazy-load\" alt=\"\" sizes=\"(max-width: 768px) 100vw, 768px\" style=\"--ratio: 768 \/ 485;\" data-src=\"https:\/\/isic.ee\/wp-content\/uploads\/2024\/01\/iytc-noortekaart-inimesega-768x485.png\" loading=\"eager\" data-srcset=\"https:\/\/isic.ee\/wp-content\/uploads\/2024\/01\/iytc-noortekaart-inimesega-768x485.png 768w, https:\/\/isic.ee\/wp-content\/uploads\/2024\/01\/iytc-noortekaart-inimesega-300x189.png 300w, https:\/\/isic.ee\/wp-content\/uploads\/2024\/01\/iytc-noortekaart-inimesega.png 1011w\" \/><span class=\"the7-hover-icon\"><\/span><\/a>\t\t\t\t\t\t\t\t\t<\/div>\n\t\t\t\t\t\t\t\t\t\t\t\t\t\t\t\t<div class=\"post-entry-content\">\n\t\t\t\t\t\t\t\t\t<h4 class=\"heading\"><a href=\"https:\/\/isic.ee\/en\/services\/iytc-noortekaart\/\" rel=\"bookmark\" title=\"IYTC Youth\" class=\"post-title\">IYTC Youth<\/a><\/h4><a href=\"https:\/\/isic.ee\/en\/services\/iytc-noortekaart\/\" target=\"\" aria-label=\"Read more about IYTC Noortekaart\" class=\"box-button elementor-button elementor-size-sm\">Read more<\/a>\t\t\t\t\t\t\t\t<\/div>\n\t\t\t\t\t\t\t<\/div>\n\t\t\t\t\t\t<\/article>\n\t\t\t\t\t<\/div>\t\t\t\t\t\t\t\t<\/div>\n\t\t<\/div>\t\t\t\t<\/div>\n\t\t\t\t<\/div>\n\t\t\t\t\t<\/div>\n\t\t<\/div>\n\t\t\t\t\t<\/div>\n\t\t<\/section>\n\t\t\t\t<section class=\"elementor-section elementor-top-section elementor-element elementor-element-0215a99 elementor-section-items-stretch elementor-section-content-middle elementor-section-height-min-height elementor-section-boxed elementor-section-height-default\" data-id=\"0215a99\" data-element_type=\"section\" data-e-type=\"section\" data-settings=\"{&quot;shape_divider_top&quot;:&quot;mountains&quot;}\">\n\t\t\t\t\t\t\t<div class=\"elementor-background-overlay\"><\/div>\n\t\t\t\t\t\t<div class=\"elementor-shape elementor-shape-top\" aria-hidden=\"true\" data-negative=\"false\">\n\t\t\t<svg xmlns=\"http:\/\/www.w3.org\/2000\/svg\" viewbox=\"0 0 1000 100\" preserveaspectratio=\"none\">\n\t<path class=\"elementor-shape-fill\" opacity=\"0.33\" d=\"M473,67.3c-203.9,88.3-263.1-34-320.3,0C66,119.1,0,59.7,0,59.7V0h1000v59.7 c0,0-62.1,26.1-94.9,29.3c-32.8,3.3-62.8-12.3-75.8-22.1C806,49.6,745.3,8.7,694.9,4.7S492.4,59,473,67.3z\"\/>\n\t<path class=\"elementor-shape-fill\" opacity=\"0.66\" d=\"M734,67.3c-45.5,0-77.2-23.2-129.1-39.1c-28.6-8.7-150.3-10.1-254,39.1 s-91.7-34.4-149.2,0C115.7,118.3,0,39.8,0,39.8V0h1000v36.5c0,0-28.2-18.5-92.1-18.5C810.2,18.1,775.7,67.3,734,67.3z\"\/>\n\t<path class=\"elementor-shape-fill\" d=\"M766.1,28.9c-200-57.5-266,65.5-395.1,19.5C242,1.8,242,5.4,184.8,20.6C128,35.8,132.3,44.9,89.9,52.5C28.6,63.7,0,0,0,0 h1000c0,0-9.9,40.9-83.6,48.1S829.6,47,766.1,28.9z\"\/>\n<\/svg>\t\t<\/div>\n\t\t\t\t\t<div class=\"elementor-container elementor-column-gap-wider\">\n\t\t\t\t\t<div class=\"elementor-column elementor-col-100 elementor-top-column elementor-element elementor-element-a12fdb4\" data-id=\"a12fdb4\" data-element_type=\"column\" data-e-type=\"column\" data-settings=\"{&quot;background_background&quot;:&quot;classic&quot;}\">\n\t\t\t<div class=\"elementor-widget-wrap elementor-element-populated\">\n\t\t\t\t\t\t<div class=\"elementor-element elementor-element-3490f42 elementor-widget elementor-widget-heading\" data-id=\"3490f42\" data-element_type=\"widget\" data-e-type=\"widget\" data-widget_type=\"heading.default\">\n\t\t\t\t<div class=\"elementor-widget-container\">\n\t\t\t\t\t<h3 class=\"elementor-heading-title elementor-size-default\">Are you ready to order your card?<\/h3>\t\t\t\t<\/div>\n\t\t\t\t<\/div>\n\t\t\t\t<div class=\"elementor-element elementor-element-ef409c1 elementor-widget elementor-widget-spacer\" data-id=\"ef409c1\" data-element_type=\"widget\" data-e-type=\"widget\" data-widget_type=\"spacer.default\">\n\t\t\t\t<div class=\"elementor-widget-container\">\n\t\t\t\t\t\t\t<div class=\"elementor-spacer\">\n\t\t\t<div class=\"elementor-spacer-inner\"><\/div>\n\t\t<\/div>\n\t\t\t\t\t\t<\/div>\n\t\t\t\t<\/div>\n\t\t\t\t<div class=\"elementor-element elementor-element-d936b2e elementor-widget elementor-widget-text-editor\" data-id=\"d936b2e\" data-element_type=\"widget\" data-e-type=\"widget\" data-widget_type=\"text-editor.default\">\n\t\t\t\t<div class=\"elementor-widget-container\">\n\t\t\t\t\t\t\t\t\t<p>You can order all standard ISIC cards from EDUID.\u00a0<br \/><span style=\"font-family: var( --e-global-typography-el_content_4-font-family ), Roboto; font-size: var( --e-global-typography-el_content_4-font-size ); font-style: var( --e-global-typography-el_content_4-font-style ); letter-spacing: var( --e-global-typography-el_content_4-letter-spacing ); word-spacing: var( --e-global-typography-el_content_4-word-spacing ); background-color: rgba(255, 255, 255, 0); color: var(--the7-base-color); text-transform: var(--the7-base-text-transform);\">You can order bank cards from the respective bank's website.<\/span><\/p>\t\t\t\t\t\t\t\t<\/div>\n\t\t\t\t<\/div>\n\t\t\t\t<div class=\"elementor-element elementor-element-109b524 elementor-widget elementor-widget-spacer\" data-id=\"109b524\" data-element_type=\"widget\" data-e-type=\"widget\" data-widget_type=\"spacer.default\">\n\t\t\t\t<div class=\"elementor-widget-container\">\n\t\t\t\t\t\t\t<div class=\"elementor-spacer\">\n\t\t\t<div class=\"elementor-spacer-inner\"><\/div>\n\t\t<\/div>\n\t\t\t\t\t\t<\/div>\n\t\t\t\t<\/div>\n\t\t\t\t<div class=\"elementor-element elementor-element-2065b5d elementor-align-center elementor-widget__width-auto elementor-widget-mobile__width-inherit elementor-widget elementor-widget-the7_button_widget\" data-id=\"2065b5d\" data-element_type=\"widget\" data-e-type=\"widget\" data-widget_type=\"the7_button_widget.default\">\n\t\t\t\t<div class=\"elementor-widget-container\">\n\t\t\t\t\t<div class=\"elementor-button-wrapper\"><a href=\"https:\/\/eduid.ee\/\" target=\"_blank\" class=\"box-button elementor-button elementor-size-lg\">To EDUID card issuing system<svg aria-hidden=\"true\" class=\"elementor-button-icon e-font-icon-svg e-far-arrow-alt-circle-right\" viewbox=\"0 0 512 512\" xmlns=\"http:\/\/www.w3.org\/2000\/svg\"><path d=\"M504 256C504 119 393 8 256 8S8 119 8 256s111 248 248 248 248-111 248-248zm-448 0c0-110.5 89.5-200 200-200s200 89.5 200 200-89.5 200-200 200S56 366.5 56 256zm72 20v-40c0-6.6 5.4-12 12-12h116v-67c0-10.7 12.9-16 20.5-8.5l99 99c4.7 4.7 4.7 12.3 0 17l-99 99c-7.6 7.6-20.5 2.2-20.5-8.5v-67H140c-6.6 0-12-5.4-12-12z\"><\/path><\/svg><\/a><\/div>\t\t\t\t<\/div>\n\t\t\t\t<\/div>\n\t\t\t\t\t<\/div>\n\t\t<\/div>\n\t\t\t\t\t<\/div>\n\t\t<\/section>\n\t\t\t\t<\/div>","protected":false},"excerpt":{"rendered":"<p>Siin saad tutvuda k\u00f5ikide ISIC kaartidega ning vaadata, milline on Sinule k\u00f5ige parem valik. ISIC Tudengikaart Vaata l\u00e4hemalt ISIC \u00d5pilaspilet Vaata l\u00e4hemalt ITIC \u00d5petajakaart Vaata l\u00e4hemalt IYTC Noortekaart Vaata l\u00e4hemalt Oled valmis endale kaarti tellima? K\u00f5iki ISIC tavakaarte saad tellida EDUID keskkonnast.\u00a0Pangakaarte saad tellida vastava panga kodulehelt. EDUID keskkonda<\/p>","protected":false},"author":1,"featured_media":0,"parent":0,"menu_order":13,"comment_status":"closed","ping_status":"closed","template":"","meta":{"footnotes":""},"class_list":["post-10021","page","type-page","status-publish","hentry"],"yoast_head":"<!-- This site is optimized with the Yoast SEO plugin v27.4 - https:\/\/yoast.com\/product\/yoast-seo-wordpress\/ -->\n<title>Kaardid - ISIC Eesti<\/title>\n<meta name=\"robots\" content=\"index, follow, max-snippet:-1, max-image-preview:large, max-video-preview:-1\" \/>\n<link rel=\"canonical\" href=\"https:\/\/isic.ee\/en\/kaardid\/\" \/>\n<meta property=\"og:locale\" content=\"en_GB\" \/>\n<meta property=\"og:type\" content=\"article\" \/>\n<meta property=\"og:title\" content=\"Kaardid - ISIC Eesti\" \/>\n<meta property=\"og:description\" content=\"Siin saad tutvuda k\u00f5ikide ISIC kaartidega ning vaadata, milline on Sinule k\u00f5ige parem valik. ISIC Tudengikaart Vaata l\u00e4hemalt ISIC \u00d5pilaspilet Vaata l\u00e4hemalt ITIC \u00d5petajakaart Vaata l\u00e4hemalt IYTC Noortekaart Vaata l\u00e4hemalt Oled valmis endale kaarti tellima? K\u00f5iki ISIC tavakaarte saad tellida EDUID keskkonnast.\u00a0Pangakaarte saad tellida vastava panga kodulehelt. EDUID keskkonda\" \/>\n<meta property=\"og:url\" content=\"https:\/\/isic.ee\/en\/kaardid\/\" \/>\n<meta property=\"og:site_name\" content=\"ISIC Eesti\" \/>\n<meta property=\"article:publisher\" content=\"https:\/\/www.facebook.com\/isicestonia\" \/>\n<meta property=\"article:modified_time\" content=\"2024-02-20T12:38:35+00:00\" \/>\n<meta name=\"twitter:card\" content=\"summary_large_image\" \/>\n<meta name=\"twitter:label1\" content=\"Estimated reading time\" \/>\n\t<meta name=\"twitter:data1\" content=\"2 minutes\" \/>\n<script type=\"application\/ld+json\" class=\"yoast-schema-graph\">{\"@context\":\"https:\\\/\\\/schema.org\",\"@graph\":[{\"@type\":\"WebPage\",\"@id\":\"https:\\\/\\\/isic.ee\\\/kaardid\\\/\",\"url\":\"https:\\\/\\\/isic.ee\\\/kaardid\\\/\",\"name\":\"Kaardid - ISIC Eesti\",\"isPartOf\":{\"@id\":\"https:\\\/\\\/isic.ee\\\/#website\"},\"datePublished\":\"2022-05-23T16:00:40+00:00\",\"dateModified\":\"2024-02-20T12:38:35+00:00\",\"breadcrumb\":{\"@id\":\"https:\\\/\\\/isic.ee\\\/kaardid\\\/#breadcrumb\"},\"inLanguage\":\"en-GB\",\"potentialAction\":[{\"@type\":\"ReadAction\",\"target\":[\"https:\\\/\\\/isic.ee\\\/kaardid\\\/\"]}]},{\"@type\":\"BreadcrumbList\",\"@id\":\"https:\\\/\\\/isic.ee\\\/kaardid\\\/#breadcrumb\",\"itemListElement\":[{\"@type\":\"ListItem\",\"position\":1,\"name\":\"Home\",\"item\":\"https:\\\/\\\/isic.ee\\\/\"},{\"@type\":\"ListItem\",\"position\":2,\"name\":\"Kaardid\"}]},{\"@type\":\"WebSite\",\"@id\":\"https:\\\/\\\/isic.ee\\\/#website\",\"url\":\"https:\\\/\\\/isic.ee\\\/\",\"name\":\"ISIC Eesti\",\"description\":\"ISIC seisab &otilde;pilaste ja &otilde;petajate heaolu eest!\",\"publisher\":{\"@id\":\"https:\\\/\\\/isic.ee\\\/#organization\"},\"potentialAction\":[{\"@type\":\"SearchAction\",\"target\":{\"@type\":\"EntryPoint\",\"urlTemplate\":\"https:\\\/\\\/isic.ee\\\/?s={search_term_string}\"},\"query-input\":{\"@type\":\"PropertyValueSpecification\",\"valueRequired\":true,\"valueName\":\"search_term_string\"}}],\"inLanguage\":\"en-GB\"},{\"@type\":\"Organization\",\"@id\":\"https:\\\/\\\/isic.ee\\\/#organization\",\"name\":\"ISIC Eesti\",\"url\":\"https:\\\/\\\/isic.ee\\\/\",\"logo\":{\"@type\":\"ImageObject\",\"inLanguage\":\"en-GB\",\"@id\":\"https:\\\/\\\/isic.ee\\\/#\\\/schema\\\/logo\\\/image\\\/\",\"url\":\"https:\\\/\\\/isic.ee\\\/wp-content\\\/uploads\\\/2024\\\/01\\\/isic-logo-pikem.png\",\"contentUrl\":\"https:\\\/\\\/isic.ee\\\/wp-content\\\/uploads\\\/2024\\\/01\\\/isic-logo-pikem.png\",\"width\":350,\"height\":100,\"caption\":\"ISIC Eesti\"},\"image\":{\"@id\":\"https:\\\/\\\/isic.ee\\\/#\\\/schema\\\/logo\\\/image\\\/\"},\"sameAs\":[\"https:\\\/\\\/www.facebook.com\\\/isicestonia\",\"https:\\\/\\\/www.instagram.com\\\/isicestonia\\\/\"]}]}<\/script>\n<!-- \/ Yoast SEO plugin. -->","yoast_head_json":{"title":"Kaardid - ISIC Eesti","robots":{"index":"index","follow":"follow","max-snippet":"max-snippet:-1","max-image-preview":"max-image-preview:large","max-video-preview":"max-video-preview:-1"},"canonical":"https:\/\/isic.ee\/en\/kaardid\/","og_locale":"en_GB","og_type":"article","og_title":"Kaardid - ISIC Eesti","og_description":"Siin saad tutvuda k\u00f5ikide ISIC kaartidega ning vaadata, milline on Sinule k\u00f5ige parem valik. ISIC Tudengikaart Vaata l\u00e4hemalt ISIC \u00d5pilaspilet Vaata l\u00e4hemalt ITIC \u00d5petajakaart Vaata l\u00e4hemalt IYTC Noortekaart Vaata l\u00e4hemalt Oled valmis endale kaarti tellima? K\u00f5iki ISIC tavakaarte saad tellida EDUID keskkonnast.\u00a0Pangakaarte saad tellida vastava panga kodulehelt. EDUID keskkonda","og_url":"https:\/\/isic.ee\/en\/kaardid\/","og_site_name":"ISIC Eesti","article_publisher":"https:\/\/www.facebook.com\/isicestonia","article_modified_time":"2024-02-20T12:38:35+00:00","twitter_card":"summary_large_image","twitter_misc":{"Estimated reading time":"2 minutes"},"schema":{"@context":"https:\/\/schema.org","@graph":[{"@type":"WebPage","@id":"https:\/\/isic.ee\/kaardid\/","url":"https:\/\/isic.ee\/kaardid\/","name":"Kaardid - ISIC Eesti","isPartOf":{"@id":"https:\/\/isic.ee\/#website"},"datePublished":"2022-05-23T16:00:40+00:00","dateModified":"2024-02-20T12:38:35+00:00","breadcrumb":{"@id":"https:\/\/isic.ee\/kaardid\/#breadcrumb"},"inLanguage":"en-GB","potentialAction":[{"@type":"ReadAction","target":["https:\/\/isic.ee\/kaardid\/"]}]},{"@type":"BreadcrumbList","@id":"https:\/\/isic.ee\/kaardid\/#breadcrumb","itemListElement":[{"@type":"ListItem","position":1,"name":"Home","item":"https:\/\/isic.ee\/"},{"@type":"ListItem","position":2,"name":"Kaardid"}]},{"@type":"WebSite","@id":"https:\/\/isic.ee\/#website","url":"https:\/\/isic.ee\/","name":"ISIC Estonia","description":"ISIC seisab &otilde;pilaste ja &otilde;petajate heaolu eest!","publisher":{"@id":"https:\/\/isic.ee\/#organization"},"potentialAction":[{"@type":"SearchAction","target":{"@type":"EntryPoint","urlTemplate":"https:\/\/isic.ee\/?s={search_term_string}"},"query-input":{"@type":"PropertyValueSpecification","valueRequired":true,"valueName":"search_term_string"}}],"inLanguage":"en-GB"},{"@type":"Organization","@id":"https:\/\/isic.ee\/#organization","name":"ISIC Estonia","url":"https:\/\/isic.ee\/","logo":{"@type":"ImageObject","inLanguage":"en-GB","@id":"https:\/\/isic.ee\/#\/schema\/logo\/image\/","url":"https:\/\/isic.ee\/wp-content\/uploads\/2024\/01\/isic-logo-pikem.png","contentUrl":"https:\/\/isic.ee\/wp-content\/uploads\/2024\/01\/isic-logo-pikem.png","width":350,"height":100,"caption":"ISIC Eesti"},"image":{"@id":"https:\/\/isic.ee\/#\/schema\/logo\/image\/"},"sameAs":["https:\/\/www.facebook.com\/isicestonia","https:\/\/www.instagram.com\/isicestonia\/"]}]}},"_links":{"self":[{"href":"https:\/\/isic.ee\/en\/wp-json\/wp\/v2\/pages\/10021","targetHints":{"allow":["GET"]}}],"collection":[{"href":"https:\/\/isic.ee\/en\/wp-json\/wp\/v2\/pages"}],"about":[{"href":"https:\/\/isic.ee\/en\/wp-json\/wp\/v2\/types\/page"}],"author":[{"embeddable":true,"href":"https:\/\/isic.ee\/en\/wp-json\/wp\/v2\/users\/1"}],"replies":[{"embeddable":true,"href":"https:\/\/isic.ee\/en\/wp-json\/wp\/v2\/comments?post=10021"}],"version-history":[{"count":25,"href":"https:\/\/isic.ee\/en\/wp-json\/wp\/v2\/pages\/10021\/revisions"}],"predecessor-version":[{"id":13035,"href":"https:\/\/isic.ee\/en\/wp-json\/wp\/v2\/pages\/10021\/revisions\/13035"}],"wp:attachment":[{"href":"https:\/\/isic.ee\/en\/wp-json\/wp\/v2\/media?parent=10021"}],"curies":[{"name":"wp","href":"https:\/\/api.w.org\/{rel}","templated":true}]}}