{"id":460,"date":"2020-10-09T15:51:27","date_gmt":"2020-10-09T15:51:27","guid":{"rendered":"https:\/\/the7.io\/business-advisors\/?page_id=460"},"modified":"2025-03-10T11:57:47","modified_gmt":"2025-03-10T11:57:47","slug":"partnerile","status":"publish","type":"page","link":"https:\/\/isic.ee\/en\/partnerile\/","title":{"rendered":"Cooperations"},"content":{"rendered":"<div data-elementor-type=\"wp-page\" data-elementor-id=\"460\" class=\"elementor elementor-460\" data-elementor-post-type=\"page\">\n\t\t\t\t\t\t<section class=\"elementor-section elementor-top-section elementor-element elementor-element-62d14a0 elementor-section-boxed elementor-section-height-default elementor-section-height-default\" data-id=\"62d14a0\" data-element_type=\"section\" data-e-type=\"section\">\n\t\t\t\t\t\t<div class=\"elementor-container elementor-column-gap-wider\">\n\t\t\t\t\t<div class=\"elementor-column elementor-col-100 elementor-top-column elementor-element elementor-element-d1ea603\" data-id=\"d1ea603\" data-element_type=\"column\" data-e-type=\"column\">\n\t\t\t<div class=\"elementor-widget-wrap elementor-element-populated\">\n\t\t\t\t\t\t<div class=\"elementor-element elementor-element-215fd3a icon-position-mobile-top content-align-left icon-box-vertical-align-top icon-position-left icon-vertical-align-start elementor-widget elementor-widget-the7_icon_box_grid_widget\" data-id=\"215fd3a\" data-element_type=\"widget\" data-e-type=\"widget\" data-widget_type=\"the7_icon_box_grid_widget.default\">\n\t\t\t\t<div class=\"elementor-widget-container\">\n\t\t\t\t\t<div class=\"the7-box-grid-wrapper the7-elementor-widget loading-effect-none the7_icon_box_grid_widget-215fd3a\">\t\t\t<div class=\"dt-css-grid\">\n\t\t\t\t\t\t\t\t\t<div class=\"wf-cell shown\">\n\t\t\t\t\t\t<div class=\"the7-icon-box-grid\">\t\t\t\t\t\t\t<div class=\"box-content-wrapper\">\n\t\t\t\t\t\t\t\t\t\t\t\t\t\t\t\t\t<a class=\"elementor-icon-div\" href=\"https:\/\/isic.ee\/en\/haridusasutusele\/\" aria-label=\"Educational institutions\">\t\t\t\t\t\t\t\t\t\t<div class=\"elementor-icon\">\n\t\t\t\t\t\t\t\t\t\t\t<svg aria-hidden=\"true\" class=\"e-font-icon-svg e-fas-school\" viewbox=\"0 0 640 512\" xmlns=\"http:\/\/www.w3.org\/2000\/svg\"><path d=\"M0 224v272c0 8.84 7.16 16 16 16h80V192H32c-17.67 0-32 14.33-32 32zm360-48h-24v-40c0-4.42-3.58-8-8-8h-16c-4.42 0-8 3.58-8 8v64c0 4.42 3.58 8 8 8h48c4.42 0 8-3.58 8-8v-16c0-4.42-3.58-8-8-8zm137.75-63.96l-160-106.67a32.02 32.02 0 0 0-35.5 0l-160 106.67A32.002 32.002 0 0 0 128 138.66V512h128V368c0-8.84 7.16-16 16-16h96c8.84 0 16 7.16 16 16v144h128V138.67c0-10.7-5.35-20.7-14.25-26.63zM320 256c-44.18 0-80-35.82-80-80s35.82-80 80-80 80 35.82 80 80-35.82 80-80 80zm288-64h-64v320h80c8.84 0 16-7.16 16-16V224c0-17.67-14.33-32-32-32z\"><\/path><\/svg>\t\t\t\t\t\t\t\t\t\t<\/div>\n\t\t\t\t\t\t\t\t\t<\/a>\t\t\t\t\t\t\t\t\t\t\t\t\t\t\t\t<div class=\"box-content\">\n\t\t\t\t\t\t\t\t\t\t\t\t\t\t\t\t\t\t\t\t\t\t\t\t\t\t\t\t\t<h4 class=\"box-heading\">\n\t\t\t\t\t\t\t\t\t\t\t<a href=\"https:\/\/isic.ee\/en\/haridusasutusele\/\" aria-label=\"Educational institutions\">\t\t\t\t\t\t\t\t\t\t\t\tEducational institutions\t\t\t\t\t\t\t\t\t\t\t<\/a>\t\t\t\t\t\t\t\t\t\t<\/h4>\n\t\t\t\t\t\t\t\t\t\t\t\t\t\t\t\t\t\t\t\t\t\t\t\t\t\t\t\t<div class=\"box-description\">Educational institutions wishing to issue ISIC cards to their students or teachers.<\/div>\n\t\t\t\t\t\t\t\t\t\t\t\t\t\t\t\t\t\t<a href=\"https:\/\/isic.ee\/en\/haridusasutusele\/\" aria-label=\"Educational institutions\" class=\"box-button elementor-button elementor-size-md\">Read more<svg xmlns=\"http:\/\/www.w3.org\/2000\/svg\" width=\"16\" height=\"16\" fill=\"currentColor\" class=\"bi bi-arrow-right-short\" viewbox=\"0 0 16 16\"><path fill-rule=\"evenodd\" d=\"M4 8a.5.5 0 0 1 .5-.5h5.793L8.146 5.354a.5.5 0 1 1 .708-.708l3 3a.5.5 0 0 1 0 .708l-3 3a.5.5 0 0 1-.708-.708L10.293 8.5H4.5A.5.5 0 0 1 4 8z\"><\/path><\/svg><\/a>\t\t\t\t\t\t\t\t<\/div>\n\t\t\t\t\t\t\t<\/div>\n\t\t\t\t\t\t<\/div>\t\t\t\t\t<\/div>\n\t\t\t\t\t\t\t\t\t<div class=\"wf-cell shown\">\n\t\t\t\t\t\t<div class=\"the7-icon-box-grid\">\t\t\t\t\t\t\t<div class=\"box-content-wrapper\">\n\t\t\t\t\t\t\t\t\t\t\t\t\t\t\t\t\t<a class=\"elementor-icon-div\" href=\"https:\/\/isic.ee\/en\/soodustuse-pakkujale\/\" aria-label=\"Discount providers\">\t\t\t\t\t\t\t\t\t\t<div class=\"elementor-icon\">\n\t\t\t\t\t\t\t\t\t\t\t<svg aria-hidden=\"true\" class=\"e-font-icon-svg e-fas-money-check-alt\" viewbox=\"0 0 640 512\" xmlns=\"http:\/\/www.w3.org\/2000\/svg\"><path d=\"M608 32H32C14.33 32 0 46.33 0 64v384c0 17.67 14.33 32 32 32h576c17.67 0 32-14.33 32-32V64c0-17.67-14.33-32-32-32zM176 327.88V344c0 4.42-3.58 8-8 8h-16c-4.42 0-8-3.58-8-8v-16.29c-11.29-.58-22.27-4.52-31.37-11.35-3.9-2.93-4.1-8.77-.57-12.14l11.75-11.21c2.77-2.64 6.89-2.76 10.13-.73 3.87 2.42 8.26 3.72 12.82 3.72h28.11c6.5 0 11.8-5.92 11.8-13.19 0-5.95-3.61-11.19-8.77-12.73l-45-13.5c-18.59-5.58-31.58-23.42-31.58-43.39 0-24.52 19.05-44.44 42.67-45.07V152c0-4.42 3.58-8 8-8h16c4.42 0 8 3.58 8 8v16.29c11.29.58 22.27 4.51 31.37 11.35 3.9 2.93 4.1 8.77.57 12.14l-11.75 11.21c-2.77 2.64-6.89 2.76-10.13.73-3.87-2.43-8.26-3.72-12.82-3.72h-28.11c-6.5 0-11.8 5.92-11.8 13.19 0 5.95 3.61 11.19 8.77 12.73l45 13.5c18.59 5.58 31.58 23.42 31.58 43.39 0 24.53-19.05 44.44-42.67 45.07zM416 312c0 4.42-3.58 8-8 8H296c-4.42 0-8-3.58-8-8v-16c0-4.42 3.58-8 8-8h112c4.42 0 8 3.58 8 8v16zm160 0c0 4.42-3.58 8-8 8h-80c-4.42 0-8-3.58-8-8v-16c0-4.42 3.58-8 8-8h80c4.42 0 8 3.58 8 8v16zm0-96c0 4.42-3.58 8-8 8H296c-4.42 0-8-3.58-8-8v-16c0-4.42 3.58-8 8-8h272c4.42 0 8 3.58 8 8v16z\"><\/path><\/svg>\t\t\t\t\t\t\t\t\t\t<\/div>\n\t\t\t\t\t\t\t\t\t<\/a>\t\t\t\t\t\t\t\t\t\t\t\t\t\t\t\t<div class=\"box-content\">\n\t\t\t\t\t\t\t\t\t\t\t\t\t\t\t\t\t\t\t\t\t\t\t\t\t\t\t\t\t<h4 class=\"box-heading\">\n\t\t\t\t\t\t\t\t\t\t\t<a href=\"https:\/\/isic.ee\/en\/soodustuse-pakkujale\/\" aria-label=\"Discount providers\">\t\t\t\t\t\t\t\t\t\t\t\tDiscount providers\t\t\t\t\t\t\t\t\t\t\t<\/a>\t\t\t\t\t\t\t\t\t\t<\/h4>\n\t\t\t\t\t\t\t\t\t\t\t\t\t\t\t\t\t\t\t\t\t\t\t\t\t\t\t\t<div class=\"box-description\">Companies that value cardholders as customers.<\/div>\n\t\t\t\t\t\t\t\t\t\t\t\t\t\t\t\t\t\t<a href=\"https:\/\/isic.ee\/en\/soodustuse-pakkujale\/\" aria-label=\"Discount providers\" class=\"box-button elementor-button elementor-size-md\">Read more<svg xmlns=\"http:\/\/www.w3.org\/2000\/svg\" width=\"16\" height=\"16\" fill=\"currentColor\" class=\"bi bi-arrow-right-short\" viewbox=\"0 0 16 16\"><path fill-rule=\"evenodd\" d=\"M4 8a.5.5 0 0 1 .5-.5h5.793L8.146 5.354a.5.5 0 1 1 .708-.708l3 3a.5.5 0 0 1 0 .708l-3 3a.5.5 0 0 1-.708-.708L10.293 8.5H4.5A.5.5 0 0 1 4 8z\"><\/path><\/svg><\/a>\t\t\t\t\t\t\t\t<\/div>\n\t\t\t\t\t\t\t<\/div>\n\t\t\t\t\t\t<\/div>\t\t\t\t\t<\/div>\n\t\t\t\t\t\t\t\t\t<div class=\"wf-cell shown\">\n\t\t\t\t\t\t<div class=\"the7-icon-box-grid\">\t\t\t\t\t\t\t<div class=\"box-content-wrapper\">\n\t\t\t\t\t\t\t\t\t\t\t\t\t\t\t\t\t<a class=\"elementor-icon-div\" href=\"https:\/\/isic.ee\/en\/leht-valmimisel\/\" aria-label=\"Banks\">\t\t\t\t\t\t\t\t\t\t<div class=\"elementor-icon\">\n\t\t\t\t\t\t\t\t\t\t\t<svg aria-hidden=\"true\" class=\"e-font-icon-svg e-far-credit-card\" viewbox=\"0 0 576 512\" xmlns=\"http:\/\/www.w3.org\/2000\/svg\"><path d=\"M527.9 32H48.1C21.5 32 0 53.5 0 80v352c0 26.5 21.5 48 48.1 48h479.8c26.6 0 48.1-21.5 48.1-48V80c0-26.5-21.5-48-48.1-48zM54.1 80h467.8c3.3 0 6 2.7 6 6v42H48.1V86c0-3.3 2.7-6 6-6zm467.8 352H54.1c-3.3 0-6-2.7-6-6V256h479.8v170c0 3.3-2.7 6-6 6zM192 332v40c0 6.6-5.4 12-12 12h-72c-6.6 0-12-5.4-12-12v-40c0-6.6 5.4-12 12-12h72c6.6 0 12 5.4 12 12zm192 0v40c0 6.6-5.4 12-12 12H236c-6.6 0-12-5.4-12-12v-40c0-6.6 5.4-12 12-12h136c6.6 0 12 5.4 12 12z\"><\/path><\/svg>\t\t\t\t\t\t\t\t\t\t<\/div>\n\t\t\t\t\t\t\t\t\t<\/a>\t\t\t\t\t\t\t\t\t\t\t\t\t\t\t\t<div class=\"box-content\">\n\t\t\t\t\t\t\t\t\t\t\t\t\t\t\t\t\t\t\t\t\t\t\t\t\t\t\t\t\t<h4 class=\"box-heading\">\n\t\t\t\t\t\t\t\t\t\t\t<a href=\"https:\/\/isic.ee\/en\/leht-valmimisel\/\" aria-label=\"Banks\">\t\t\t\t\t\t\t\t\t\t\t\tBanks\t\t\t\t\t\t\t\t\t\t\t<\/a>\t\t\t\t\t\t\t\t\t\t<\/h4>\n\t\t\t\t\t\t\t\t\t\t\t\t\t\t\t\t\t\t\t\t\t\t\t\t\t\t\t\t<div class=\"box-description\">Banks that offer ISIC bank cards in cooperation.<\/div>\n\t\t\t\t\t\t\t\t\t\t\t\t\t\t\t\t\t\t<a href=\"https:\/\/isic.ee\/en\/leht-valmimisel\/\" aria-label=\"Banks\" class=\"box-button elementor-button elementor-size-md\">Read more<svg xmlns=\"http:\/\/www.w3.org\/2000\/svg\" width=\"16\" height=\"16\" fill=\"currentColor\" class=\"bi bi-arrow-right-short\" viewbox=\"0 0 16 16\"><path fill-rule=\"evenodd\" d=\"M4 8a.5.5 0 0 1 .5-.5h5.793L8.146 5.354a.5.5 0 1 1 .708-.708l3 3a.5.5 0 0 1 0 .708l-3 3a.5.5 0 0 1-.708-.708L10.293 8.5H4.5A.5.5 0 0 1 4 8z\"><\/path><\/svg><\/a>\t\t\t\t\t\t\t\t<\/div>\n\t\t\t\t\t\t\t<\/div>\n\t\t\t\t\t\t<\/div>\t\t\t\t\t<\/div>\n\t\t\t\t\t\t\t\t\t<div class=\"wf-cell shown\">\n\t\t\t\t\t\t<div class=\"the7-icon-box-grid\">\t\t\t\t\t\t\t<div class=\"box-content-wrapper\">\n\t\t\t\t\t\t\t\t\t\t\t\t\t\t\t\t\t<a class=\"elementor-icon-div\" href=\"https:\/\/isic.ee\/en\/ambassadorid\/\" aria-label=\"ISIC Estonia Ambassadors\">\t\t\t\t\t\t\t\t\t\t<div class=\"elementor-icon\">\n\t\t\t\t\t\t\t\t\t\t\t<svg aria-hidden=\"true\" class=\"e-font-icon-svg e-far-grin-wink\" viewbox=\"0 0 496 512\" xmlns=\"http:\/\/www.w3.org\/2000\/svg\"><path d=\"M328 180c-25.69 0-55.88 16.92-59.86 42.12-1.75 11.22 11.5 18.24 19.83 10.84l9.55-8.48c14.81-13.19 46.16-13.19 60.97 0l9.55 8.48c8.48 7.43 21.56.25 19.83-10.84C383.88 196.92 353.69 180 328 180zm-160 60c17.67 0 32-14.33 32-32s-14.33-32-32-32-32 14.33-32 32 14.33 32 32 32zm185.55 64.64c-25.93 8.3-64.4 13.06-105.55 13.06s-79.62-4.75-105.55-13.06c-9.94-3.13-19.4 5.37-17.71 15.34C132.67 367.13 196.06 400 248 400s115.33-32.87 123.26-80.02c1.68-9.89-7.67-18.48-17.71-15.34zM248 8C111.03 8 0 119.03 0 256s111.03 248 248 248 248-111.03 248-248S384.97 8 248 8zm0 448c-110.28 0-200-89.72-200-200S137.72 56 248 56s200 89.72 200 200-89.72 200-200 200z\"><\/path><\/svg>\t\t\t\t\t\t\t\t\t\t<\/div>\n\t\t\t\t\t\t\t\t\t<\/a>\t\t\t\t\t\t\t\t\t\t\t\t\t\t\t\t<div class=\"box-content\">\n\t\t\t\t\t\t\t\t\t\t\t\t\t\t\t\t\t\t\t\t\t\t\t\t\t\t\t\t\t<h4 class=\"box-heading\">\n\t\t\t\t\t\t\t\t\t\t\t<a href=\"https:\/\/isic.ee\/en\/ambassadorid\/\" aria-label=\"ISIC Estonia Ambassadors\">\t\t\t\t\t\t\t\t\t\t\t\tISIC Estonia Ambassadors\t\t\t\t\t\t\t\t\t\t\t<\/a>\t\t\t\t\t\t\t\t\t\t<\/h4>\n\t\t\t\t\t\t\t\t\t\t\t\t\t\t\t\t\t\t\t\t\t\t\t\t\t\t\t\t<div class=\"box-description\">Read more about the new starting program and join!<\/div>\n\t\t\t\t\t\t\t\t\t\t\t\t\t\t\t\t\t\t<a href=\"https:\/\/isic.ee\/en\/ambassadorid\/\" aria-label=\"ISIC Estonia Ambassadors\" class=\"box-button elementor-button elementor-size-md\">Read more<svg xmlns=\"http:\/\/www.w3.org\/2000\/svg\" width=\"16\" height=\"16\" fill=\"currentColor\" class=\"bi bi-arrow-right-short\" viewbox=\"0 0 16 16\"><path fill-rule=\"evenodd\" d=\"M4 8a.5.5 0 0 1 .5-.5h5.793L8.146 5.354a.5.5 0 1 1 .708-.708l3 3a.5.5 0 0 1 0 .708l-3 3a.5.5 0 0 1-.708-.708L10.293 8.5H4.5A.5.5 0 0 1 4 8z\"><\/path><\/svg><\/a>\t\t\t\t\t\t\t\t<\/div>\n\t\t\t\t\t\t\t<\/div>\n\t\t\t\t\t\t<\/div>\t\t\t\t\t<\/div>\n\t\t\t\t\t\t\t<\/div>\n\t\t<\/div>\t\t\t\t<\/div>\n\t\t\t\t<\/div>\n\t\t\t\t\t<\/div>\n\t\t<\/div>\n\t\t\t\t\t<\/div>\n\t\t<\/section>\n\t\t\t\t<section class=\"elementor-section elementor-top-section elementor-element elementor-element-1c79cdf elementor-section-content-middle elementor-section-boxed elementor-section-height-default elementor-section-height-default\" data-id=\"1c79cdf\" data-element_type=\"section\" data-e-type=\"section\" data-settings=\"{&quot;shape_divider_top&quot;:&quot;mountains&quot;}\">\n\t\t\t\t\t\t\t<div class=\"elementor-background-overlay\"><\/div>\n\t\t\t\t\t\t<div class=\"elementor-shape elementor-shape-top\" aria-hidden=\"true\" data-negative=\"false\">\n\t\t\t<svg xmlns=\"http:\/\/www.w3.org\/2000\/svg\" viewbox=\"0 0 1000 100\" preserveaspectratio=\"none\">\n\t<path class=\"elementor-shape-fill\" opacity=\"0.33\" d=\"M473,67.3c-203.9,88.3-263.1-34-320.3,0C66,119.1,0,59.7,0,59.7V0h1000v59.7 c0,0-62.1,26.1-94.9,29.3c-32.8,3.3-62.8-12.3-75.8-22.1C806,49.6,745.3,8.7,694.9,4.7S492.4,59,473,67.3z\"\/>\n\t<path class=\"elementor-shape-fill\" opacity=\"0.66\" d=\"M734,67.3c-45.5,0-77.2-23.2-129.1-39.1c-28.6-8.7-150.3-10.1-254,39.1 s-91.7-34.4-149.2,0C115.7,118.3,0,39.8,0,39.8V0h1000v36.5c0,0-28.2-18.5-92.1-18.5C810.2,18.1,775.7,67.3,734,67.3z\"\/>\n\t<path class=\"elementor-shape-fill\" d=\"M766.1,28.9c-200-57.5-266,65.5-395.1,19.5C242,1.8,242,5.4,184.8,20.6C128,35.8,132.3,44.9,89.9,52.5C28.6,63.7,0,0,0,0 h1000c0,0-9.9,40.9-83.6,48.1S829.6,47,766.1,28.9z\"\/>\n<\/svg>\t\t<\/div>\n\t\t\t\t\t<div class=\"elementor-container elementor-column-gap-wider\">\n\t\t\t\t\t<div class=\"elementor-column elementor-col-100 elementor-top-column elementor-element elementor-element-b3bbab9\" data-id=\"b3bbab9\" data-element_type=\"column\" data-e-type=\"column\" data-settings=\"{&quot;background_background&quot;:&quot;classic&quot;}\">\n\t\t\t<div class=\"elementor-widget-wrap elementor-element-populated\">\n\t\t\t\t\t\t<div class=\"elementor-element elementor-element-56716b6 elementor-widget elementor-widget-heading\" data-id=\"56716b6\" data-element_type=\"widget\" data-e-type=\"widget\" data-widget_type=\"heading.default\">\n\t\t\t\t<div class=\"elementor-widget-container\">\n\t\t\t\t\t<h3 class=\"elementor-heading-title elementor-size-default\">Would you like a personal offer?<\/h3>\t\t\t\t<\/div>\n\t\t\t\t<\/div>\n\t\t\t\t<div class=\"elementor-element elementor-element-90bf109 elementor-widget elementor-widget-spacer\" data-id=\"90bf109\" data-element_type=\"widget\" data-e-type=\"widget\" data-widget_type=\"spacer.default\">\n\t\t\t\t<div class=\"elementor-widget-container\">\n\t\t\t\t\t\t\t<div class=\"elementor-spacer\">\n\t\t\t<div class=\"elementor-spacer-inner\"><\/div>\n\t\t<\/div>\n\t\t\t\t\t\t<\/div>\n\t\t\t\t<\/div>\n\t\t\t\t<div class=\"elementor-element elementor-element-911fa80 elementor-align-center elementor-widget__width-auto elementor-widget-mobile__width-inherit elementor-widget elementor-widget-the7_button_widget\" data-id=\"911fa80\" data-element_type=\"widget\" data-e-type=\"widget\" data-widget_type=\"the7_button_widget.default\">\n\t\t\t\t<div class=\"elementor-widget-container\">\n\t\t\t\t\t<div class=\"elementor-button-wrapper\"><a href=\"mailto:turundusjuht@eyl.ee\" target=\"_blank\" class=\"box-button elementor-button elementor-size-lg\">Contact us!<svg aria-hidden=\"true\" class=\"elementor-button-icon e-font-icon-svg e-fas-paper-plane\" viewbox=\"0 0 512 512\" xmlns=\"http:\/\/www.w3.org\/2000\/svg\"><path d=\"M476 3.2L12.5 270.6c-18.1 10.4-15.8 35.6 2.2 43.2L121 358.4l287.3-253.2c5.5-4.9 13.3 2.6 8.6 8.3L176 407v80.5c0 23.6 28.5 32.9 42.5 15.8L282 426l124.6 52.2c14.2 6 30.4-2.9 33-18.2l72-432C515 7.8 493.3-6.8 476 3.2z\"><\/path><\/svg><\/a><\/div>\t\t\t\t<\/div>\n\t\t\t\t<\/div>\n\t\t\t\t\t<\/div>\n\t\t<\/div>\n\t\t\t\t\t<\/div>\n\t\t<\/section>\n\t\t\t\t<\/div>","protected":false},"excerpt":{"rendered":"<p>Haridusasutusele Haridusasutused, kes soovivad oma \u00f5ppuritele v\u00f5i \u00f5petajatele v\u00e4ljastada ISIC kaarte. Loe l\u00e4hemalt Soodustuse pakkujale Ettev\u00f5tted, kes hindavad klientidena kaardiomanikke. Loe l\u00e4hemalt Pangale Pangad, kes pakuvad koost\u00f6\u00f6s ISIC pangakaarte. Loe l\u00e4hemalt ISIC Eesti Ambassadorid Loe l\u00e4hemalt uue alustava programmi kohta ning liitu! Loe l\u00e4hemalt Soovid personaalset pakkumist? Kirjuta meile!<\/p>","protected":false},"author":1,"featured_media":0,"parent":0,"menu_order":11,"comment_status":"closed","ping_status":"closed","template":"","meta":{"footnotes":""},"class_list":["post-460","page","type-page","status-publish","hentry"],"yoast_head":"<!-- This site is optimized with the Yoast SEO plugin v27.3 - https:\/\/yoast.com\/product\/yoast-seo-wordpress\/ -->\n<title>Koost\u00f6\u00f6partnerile - ISIC Eesti<\/title>\n<meta name=\"robots\" content=\"index, follow, max-snippet:-1, max-image-preview:large, max-video-preview:-1\" \/>\n<link rel=\"canonical\" href=\"https:\/\/isic.ee\/en\/partnerile\/\" \/>\n<meta property=\"og:locale\" content=\"en_GB\" \/>\n<meta property=\"og:type\" content=\"article\" \/>\n<meta property=\"og:title\" content=\"Koost\u00f6\u00f6partnerile - ISIC Eesti\" \/>\n<meta property=\"og:description\" content=\"Haridusasutusele Haridusasutused, kes soovivad oma \u00f5ppuritele v\u00f5i \u00f5petajatele v\u00e4ljastada ISIC kaarte. Loe l\u00e4hemalt Soodustuse pakkujale Ettev\u00f5tted, kes hindavad klientidena kaardiomanikke. Loe l\u00e4hemalt Pangale Pangad, kes pakuvad koost\u00f6\u00f6s ISIC pangakaarte. Loe l\u00e4hemalt ISIC Eesti Ambassadorid Loe l\u00e4hemalt uue alustava programmi kohta ning liitu! Loe l\u00e4hemalt Soovid personaalset pakkumist? Kirjuta meile!\" \/>\n<meta property=\"og:url\" content=\"https:\/\/isic.ee\/en\/partnerile\/\" \/>\n<meta property=\"og:site_name\" content=\"ISIC Eesti\" \/>\n<meta property=\"article:publisher\" content=\"https:\/\/www.facebook.com\/isicestonia\" \/>\n<meta property=\"article:modified_time\" content=\"2025-03-10T11:57:47+00:00\" \/>\n<meta name=\"twitter:card\" content=\"summary_large_image\" \/>\n<meta name=\"twitter:label1\" content=\"Estimated reading time\" \/>\n\t<meta name=\"twitter:data1\" content=\"1 minute\" \/>\n<script type=\"application\/ld+json\" class=\"yoast-schema-graph\">{\"@context\":\"https:\\\/\\\/schema.org\",\"@graph\":[{\"@type\":\"WebPage\",\"@id\":\"https:\\\/\\\/isic.ee\\\/partnerile\\\/\",\"url\":\"https:\\\/\\\/isic.ee\\\/partnerile\\\/\",\"name\":\"Koost\u00f6\u00f6partnerile - ISIC Eesti\",\"isPartOf\":{\"@id\":\"https:\\\/\\\/isic.ee\\\/#website\"},\"datePublished\":\"2020-10-09T15:51:27+00:00\",\"dateModified\":\"2025-03-10T11:57:47+00:00\",\"breadcrumb\":{\"@id\":\"https:\\\/\\\/isic.ee\\\/partnerile\\\/#breadcrumb\"},\"inLanguage\":\"en-GB\",\"potentialAction\":[{\"@type\":\"ReadAction\",\"target\":[\"https:\\\/\\\/isic.ee\\\/partnerile\\\/\"]}]},{\"@type\":\"BreadcrumbList\",\"@id\":\"https:\\\/\\\/isic.ee\\\/partnerile\\\/#breadcrumb\",\"itemListElement\":[{\"@type\":\"ListItem\",\"position\":1,\"name\":\"Home\",\"item\":\"https:\\\/\\\/isic.ee\\\/\"},{\"@type\":\"ListItem\",\"position\":2,\"name\":\"Koost\u00f6\u00f6partnerile\"}]},{\"@type\":\"WebSite\",\"@id\":\"https:\\\/\\\/isic.ee\\\/#website\",\"url\":\"https:\\\/\\\/isic.ee\\\/\",\"name\":\"ISIC Eesti\",\"description\":\"ISIC seisab &otilde;pilaste ja &otilde;petajate heaolu eest!\",\"publisher\":{\"@id\":\"https:\\\/\\\/isic.ee\\\/#organization\"},\"potentialAction\":[{\"@type\":\"SearchAction\",\"target\":{\"@type\":\"EntryPoint\",\"urlTemplate\":\"https:\\\/\\\/isic.ee\\\/?s={search_term_string}\"},\"query-input\":{\"@type\":\"PropertyValueSpecification\",\"valueRequired\":true,\"valueName\":\"search_term_string\"}}],\"inLanguage\":\"en-GB\"},{\"@type\":\"Organization\",\"@id\":\"https:\\\/\\\/isic.ee\\\/#organization\",\"name\":\"ISIC Eesti\",\"url\":\"https:\\\/\\\/isic.ee\\\/\",\"logo\":{\"@type\":\"ImageObject\",\"inLanguage\":\"en-GB\",\"@id\":\"https:\\\/\\\/isic.ee\\\/#\\\/schema\\\/logo\\\/image\\\/\",\"url\":\"https:\\\/\\\/isic.ee\\\/wp-content\\\/uploads\\\/2024\\\/01\\\/isic-logo-pikem.png\",\"contentUrl\":\"https:\\\/\\\/isic.ee\\\/wp-content\\\/uploads\\\/2024\\\/01\\\/isic-logo-pikem.png\",\"width\":350,\"height\":100,\"caption\":\"ISIC Eesti\"},\"image\":{\"@id\":\"https:\\\/\\\/isic.ee\\\/#\\\/schema\\\/logo\\\/image\\\/\"},\"sameAs\":[\"https:\\\/\\\/www.facebook.com\\\/isicestonia\",\"https:\\\/\\\/www.instagram.com\\\/isicestonia\\\/\"]}]}<\/script>\n<!-- \/ Yoast SEO plugin. -->","yoast_head_json":{"title":"Koost\u00f6\u00f6partnerile - ISIC Eesti","robots":{"index":"index","follow":"follow","max-snippet":"max-snippet:-1","max-image-preview":"max-image-preview:large","max-video-preview":"max-video-preview:-1"},"canonical":"https:\/\/isic.ee\/en\/partnerile\/","og_locale":"en_GB","og_type":"article","og_title":"Koost\u00f6\u00f6partnerile - ISIC Eesti","og_description":"Haridusasutusele Haridusasutused, kes soovivad oma \u00f5ppuritele v\u00f5i \u00f5petajatele v\u00e4ljastada ISIC kaarte. Loe l\u00e4hemalt Soodustuse pakkujale Ettev\u00f5tted, kes hindavad klientidena kaardiomanikke. Loe l\u00e4hemalt Pangale Pangad, kes pakuvad koost\u00f6\u00f6s ISIC pangakaarte. Loe l\u00e4hemalt ISIC Eesti Ambassadorid Loe l\u00e4hemalt uue alustava programmi kohta ning liitu! Loe l\u00e4hemalt Soovid personaalset pakkumist? Kirjuta meile!","og_url":"https:\/\/isic.ee\/en\/partnerile\/","og_site_name":"ISIC Eesti","article_publisher":"https:\/\/www.facebook.com\/isicestonia","article_modified_time":"2025-03-10T11:57:47+00:00","twitter_card":"summary_large_image","twitter_misc":{"Estimated reading time":"1 minute"},"schema":{"@context":"https:\/\/schema.org","@graph":[{"@type":"WebPage","@id":"https:\/\/isic.ee\/partnerile\/","url":"https:\/\/isic.ee\/partnerile\/","name":"Koost\u00f6\u00f6partnerile - ISIC Eesti","isPartOf":{"@id":"https:\/\/isic.ee\/#website"},"datePublished":"2020-10-09T15:51:27+00:00","dateModified":"2025-03-10T11:57:47+00:00","breadcrumb":{"@id":"https:\/\/isic.ee\/partnerile\/#breadcrumb"},"inLanguage":"en-GB","potentialAction":[{"@type":"ReadAction","target":["https:\/\/isic.ee\/partnerile\/"]}]},{"@type":"BreadcrumbList","@id":"https:\/\/isic.ee\/partnerile\/#breadcrumb","itemListElement":[{"@type":"ListItem","position":1,"name":"Home","item":"https:\/\/isic.ee\/"},{"@type":"ListItem","position":2,"name":"Koost\u00f6\u00f6partnerile"}]},{"@type":"WebSite","@id":"https:\/\/isic.ee\/#website","url":"https:\/\/isic.ee\/","name":"ISIC Estonia","description":"ISIC seisab &otilde;pilaste ja &otilde;petajate heaolu eest!","publisher":{"@id":"https:\/\/isic.ee\/#organization"},"potentialAction":[{"@type":"SearchAction","target":{"@type":"EntryPoint","urlTemplate":"https:\/\/isic.ee\/?s={search_term_string}"},"query-input":{"@type":"PropertyValueSpecification","valueRequired":true,"valueName":"search_term_string"}}],"inLanguage":"en-GB"},{"@type":"Organization","@id":"https:\/\/isic.ee\/#organization","name":"ISIC Estonia","url":"https:\/\/isic.ee\/","logo":{"@type":"ImageObject","inLanguage":"en-GB","@id":"https:\/\/isic.ee\/#\/schema\/logo\/image\/","url":"https:\/\/isic.ee\/wp-content\/uploads\/2024\/01\/isic-logo-pikem.png","contentUrl":"https:\/\/isic.ee\/wp-content\/uploads\/2024\/01\/isic-logo-pikem.png","width":350,"height":100,"caption":"ISIC Eesti"},"image":{"@id":"https:\/\/isic.ee\/#\/schema\/logo\/image\/"},"sameAs":["https:\/\/www.facebook.com\/isicestonia","https:\/\/www.instagram.com\/isicestonia\/"]}]}},"_links":{"self":[{"href":"https:\/\/isic.ee\/en\/wp-json\/wp\/v2\/pages\/460","targetHints":{"allow":["GET"]}}],"collection":[{"href":"https:\/\/isic.ee\/en\/wp-json\/wp\/v2\/pages"}],"about":[{"href":"https:\/\/isic.ee\/en\/wp-json\/wp\/v2\/types\/page"}],"author":[{"embeddable":true,"href":"https:\/\/isic.ee\/en\/wp-json\/wp\/v2\/users\/1"}],"replies":[{"embeddable":true,"href":"https:\/\/isic.ee\/en\/wp-json\/wp\/v2\/comments?post=460"}],"version-history":[{"count":61,"href":"https:\/\/isic.ee\/en\/wp-json\/wp\/v2\/pages\/460\/revisions"}],"predecessor-version":[{"id":13456,"href":"https:\/\/isic.ee\/en\/wp-json\/wp\/v2\/pages\/460\/revisions\/13456"}],"wp:attachment":[{"href":"https:\/\/isic.ee\/en\/wp-json\/wp\/v2\/media?parent=460"}],"curies":[{"name":"wp","href":"https:\/\/api.w.org\/{rel}","templated":true}]}}